{"id":688,"date":"2026-01-05T19:42:33","date_gmt":"2026-01-05T19:42:33","guid":{"rendered":"https:\/\/inmlcf.cv\/home\/?page_id=688"},"modified":"2026-01-07T16:12:24","modified_gmt":"2026-01-07T16:12:24","slug":"exames-de-genetica-forense","status":"publish","type":"page","link":"https:\/\/inmlcf.cv\/home\/exames-de-genetica-forense\/","title":{"rendered":"Exames de Gen\u00e9tica Forense"},"content":{"rendered":"\t\t<div data-elementor-type=\"wp-page\" data-elementor-id=\"688\" class=\"elementor elementor-688\">\n\t\t\t\t<div class=\"elementor-element elementor-element-fac2170 e-flex e-con-boxed wpr-particle-no wpr-jarallax-no wpr-parallax-no wpr-sticky-section-no e-con e-parent\" data-id=\"fac2170\" data-element_type=\"container\">\n\t\t\t\t\t<div class=\"e-con-inner\">\n\t\t\t\t<div class=\"elementor-element elementor-element-e643274 elementor-widget elementor-widget-text-editor\" data-id=\"e643274\" data-element_type=\"widget\" data-widget_type=\"text-editor.default\">\n\t\t\t\t\t\t\t\t\t<p>Oferecemos servi\u00e7os especializados em Medicina Legal e Ci\u00eancias Forenses. Com rigor t\u00e9cnico e imparcialidade, apoiamos a justi\u00e7a na investiga\u00e7\u00e3o de casos e na busca pela verdade, servindo o interesse p\u00fablico com compet\u00eancia e \u00e9tica.<\/p>\t\t\t\t\t\t\t\t<\/div>\n\t\t\t\t\t<\/div>\n\t\t\t\t<\/div>\n\t\t\t\t<section class=\"elementor-section elementor-top-section elementor-element elementor-element-638e22590 elementor-section-boxed elementor-section-height-default elementor-section-height-default wpr-particle-no wpr-jarallax-no wpr-parallax-no wpr-sticky-section-no\" data-id=\"638e22590\" data-element_type=\"section\" data-settings=\"{&quot;background_background&quot;:&quot;classic&quot;}\">\n\t\t\t\t\t\t\t<div class=\"elementor-background-overlay\"><\/div>\n\t\t\t\t\t\t\t<div class=\"elementor-container elementor-column-gap-default\">\n\t\t\t\t\t<div class=\"elementor-column elementor-col-100 elementor-top-column elementor-element elementor-element-6b0db241\" data-id=\"6b0db241\" data-element_type=\"column\">\n\t\t\t<div class=\"elementor-widget-wrap elementor-element-populated\">\n\t\t\t\t\t\t<div class=\"elementor-element elementor-element-7b45e1dc elementor-widget elementor-widget-heading\" data-id=\"7b45e1dc\" data-element_type=\"widget\" data-widget_type=\"heading.default\">\n\t\t\t\t\t<h2 class=\"elementor-heading-title elementor-size-default\">Exames de Gen\u00e9tica Forense<\/h2>\t\t\t\t<\/div>\n\t\t\t\t\t<\/div>\n\t\t<\/div>\n\t\t\t\t\t<\/div>\n\t\t<\/section>\n\t\t<div class=\"elementor-element elementor-element-240bf73d e-flex e-con-boxed wpr-particle-no wpr-jarallax-no wpr-parallax-no wpr-sticky-section-no e-con e-parent\" data-id=\"240bf73d\" data-element_type=\"container\">\n\t\t\t\t\t<div class=\"e-con-inner\">\n\t\t\t\t<div class=\"elementor-element elementor-element-14d9aaf8 elementor-widget elementor-widget-elementskit-heading\" data-id=\"14d9aaf8\" data-element_type=\"widget\" data-widget_type=\"elementskit-heading.default\">\n\t\t\t\t\t<div class=\"ekit-wid-con\" ><div class=\"ekit-heading elementskit-section-title-wraper center   ekit_heading_tablet-   ekit_heading_mobile-\"><h2 class=\"ekit-heading--title elementskit-section-title \">Gen\u00e9tica e Biologia Forense<\/h2><div class=\"ekit_heading_separetor_wraper ekit_heading_elementskit-border-divider elementskit-style-long\"><div class=\"elementskit-border-divider elementskit-style-long\"><\/div><\/div>\t\t\t\t<div class='ekit-heading__description'>\n\t\t\t\t\t<p>O Servi\u00e7o de Gen\u00e9tica e Biologia Forenses (SGBF) \u00e9 a unidade especializada do Instituto Nacional de Medicina Legal e Ci\u00eancias Forenses, I.P. respons\u00e1vel pela an\u00e1lise gen\u00e9tica e biol\u00f3gica com fins legais e judiciais.<\/p>\n<p>Tem como miss\u00e3o realizar exames laboratoriais de ADN e outros estudos biol\u00f3gicos, destinados \u00e0 identifica\u00e7\u00e3o de pessoas, \u00e0 investiga\u00e7\u00e3o de v\u00ednculos biol\u00f3gicos (parentesco) e ao apoio \u00e0 investiga\u00e7\u00e3o criminal, assegurando rigor cient\u00edfico, imparcialidade e respeito pelas normas legais e \u00e9ticas.<\/p>\n\t\t\t\t<\/div>\n\t\t\t<\/div><\/div>\t\t\t\t<\/div>\n\t\t\t\t\t<\/div>\n\t\t\t\t<\/div>\n\t\t<div class=\"elementor-element elementor-element-fe19ed2 e-grid e-con-boxed wpr-particle-no wpr-jarallax-no wpr-parallax-no wpr-sticky-section-no e-con e-parent\" data-id=\"fe19ed2\" data-element_type=\"container\">\n\t\t\t\t\t<div class=\"e-con-inner\">\n\t\t\t\t<div class=\"elementor-element elementor-element-9970155 elementor-widget elementor-widget-elementskit-heading\" data-id=\"9970155\" data-element_type=\"widget\" data-widget_type=\"elementskit-heading.default\">\n\t\t\t\t\t<div class=\"ekit-wid-con\" ><div class=\"ekit-heading elementskit-section-title-wraper center   ekit_heading_tablet-   ekit_heading_mobile-\"><h2 class=\"ekit-heading--title elementskit-section-title \">1 - Exame de parentesco\/ paternidade ou maternidade<\/h2><div class=\"ekit_heading_separetor_wraper ekit_heading_elementskit-border-divider elementskit-style-long\"><div class=\"elementskit-border-divider elementskit-style-long\"><\/div><\/div>\t\t\t\t<div class='ekit-heading__description'>\n\t\t\t\t\t<p>Os exames de investiga\u00e7\u00e3o biol\u00f3gica de parentesco s\u00e3o realizados no Servi\u00e7o de Gen\u00e9tica e Biologia Forenses (SGBF) do Instituto Nacional de Medicina Legal e Ci\u00eancias Forenses, I.P.. Estes exames t\u00eam como objetivo determinar a exist\u00eancia ou n\u00e3o de v\u00ednculo biol\u00f3gico entre indiv\u00edduos.<\/p>\n<p>A realiza\u00e7\u00e3o dos exames baseia-se na an\u00e1lise de amostras biol\u00f3gicas, nomeadamente saliva e\/ou sangue, recolhidas de todas as pessoas consideradas necess\u00e1rias e dispon\u00edveis para o estudo, conforme indicado no formul\u00e1rio de solicita\u00e7\u00e3o do exame.<\/p>\n\t\t\t\t<\/div>\n\t\t\t<\/div><\/div>\t\t\t\t<\/div>\n\t\t\t\t<div class=\"elementor-element elementor-element-6aa9b06 wpr-advanced-accordion-icon-side-box elementor-widget elementor-widget-wpr-advanced-accordion\" data-id=\"6aa9b06\" data-element_type=\"widget\" data-settings=\"{&quot;active_item&quot;:1}\" data-widget_type=\"wpr-advanced-accordion.default\">\n\t\t\t\t\t\n            <div class=\"wpr-advanced-accordion\" data-accordion-type=\"accordion\" data-active-index=\"1\" data-accordion-trigger=\"click\" data-interaction-speed=\"0.4\">\n\n\t\t\t\n                \n\t\t\t\t\t<div class=\"wpr-accordion-item-wrap\">\n\t\t\t\t\t\t<button class=\"wpr-acc-button\">\n\t\t\t\t\t\t\t<span class=\"wpr-acc-item-title\">\n\t\t\t\t\t\t\t\t\t\t\t\t\t\t\t\t\t<div class=\"wpr-acc-icon-box\">\n\t\t\t\t\t\t\t\t\t\t\t\t\t\t<span class=\"wpr-title-icon\">\n\t\t\t\t\t<svg aria-hidden=\"true\" class=\"e-font-icon-svg e-far-question-circle\" viewBox=\"0 0 512 512\" xmlns=\"http:\/\/www.w3.org\/2000\/svg\"><path d=\"M256 8C119.043 8 8 119.083 8 256c0 136.997 111.043 248 248 248s248-111.003 248-248C504 119.083 392.957 8 256 8zm0 448c-110.532 0-200-89.431-200-200 0-110.495 89.472-200 200-200 110.491 0 200 89.471 200 200 0 110.53-89.431 200-200 200zm107.244-255.2c0 67.052-72.421 68.084-72.421 92.863V300c0 6.627-5.373 12-12 12h-45.647c-6.627 0-12-5.373-12-12v-8.659c0-35.745 27.1-50.034 47.579-61.516 17.561-9.845 28.324-16.541 28.324-29.579 0-17.246-21.999-28.693-39.784-28.693-23.189 0-33.894 10.977-48.942 29.969-4.057 5.12-11.46 6.071-16.666 2.124l-27.824-21.098c-5.107-3.872-6.251-11.066-2.644-16.363C184.846 131.491 214.94 112 261.794 112c49.071 0 101.45 38.304 101.45 88.8zM298 368c0 23.159-18.841 42-42 42s-42-18.841-42-42 18.841-42 42-42 42 18.841 42 42z\"><\/path><\/svg>\t\t\t\t<\/span>\n\t\t\t\t\t\t\t\t\t\t\t\t<\/div>\n\t\t\t\t\t\t\t\t\n\t\t\t\t\t\t\t\t<span class=\"wpr-acc-title-text\">Quem pode pedir<\/span>\n\t\t\t\t\t\t\t<\/span>\n\t\t\t\t\t\t\t\t\t\t\t<span class=\"wpr-toggle-icon wpr-ti-close\"><svg aria-hidden=\"true\" class=\"e-font-icon-svg e-fas-plus\" viewBox=\"0 0 448 512\" xmlns=\"http:\/\/www.w3.org\/2000\/svg\"><path d=\"M416 208H272V64c0-17.67-14.33-32-32-32h-32c-17.67 0-32 14.33-32 32v144H32c-17.67 0-32 14.33-32 32v32c0 17.67 14.33 32 32 32h144v144c0 17.67 14.33 32 32 32h32c17.67 0 32-14.33 32-32V304h144c17.67 0 32-14.33 32-32v-32c0-17.67-14.33-32-32-32z\"><\/path><\/svg><\/span>\n\t\t\t\t<span class=\"wpr-toggle-icon wpr-ti-open\"><svg aria-hidden=\"true\" class=\"e-font-icon-svg e-fas-minus\" viewBox=\"0 0 448 512\" xmlns=\"http:\/\/www.w3.org\/2000\/svg\"><path d=\"M416 208H32c-17.67 0-32 14.33-32 32v32c0 17.67 14.33 32 32 32h384c17.67 0 32-14.33 32-32v-32c0-17.67-14.33-32-32-32z\"><\/path><\/svg><\/span>\n\t\t\t\t\t\t\t\t\t<\/button>\n\n\t\t\t\t\t\t<div class=\"wpr-acc-panel\">\n\t\t\t\t\t\t\t\t\t\t\t\t\t\t\t<div class=\"wpr-acc-panel-content\"><ul><li>Particulares:<\/li><\/ul><p>\u00a0 \u00a0 \u00a0 \u00a0- pela m\u00e3e legalmente reconhecido;<\/p><p>\u00a0 \u00a0 \u00a0 \u00a0- pelo pai legalmente reconhecido;<\/p><p>\u00a0 \u00a0 \u00a0 \u00a0- pelo pretenso pai;<\/p><p>\u00a0 \u00a0 \u00a0 \u00a0- pelo filho, se for maior de idade;<\/p><p>\u00a0 \u00a0 \u00a0 \u00a0- pelo representante legal do filho, se este for menor de idade;<\/p><ul><li>Entidades p\u00fablicas e privadas:<\/li><\/ul><\/div>\n\t\t\t\t\t\t\t\t\t\t\t\t\t<\/div>\n                    <\/div>\n\n                \n\t\t\t\t\t<div class=\"wpr-accordion-item-wrap\">\n\t\t\t\t\t\t<button class=\"wpr-acc-button\">\n\t\t\t\t\t\t\t<span class=\"wpr-acc-item-title\">\n\t\t\t\t\t\t\t\t\t\t\t\t\t\t\t\t\t<div class=\"wpr-acc-icon-box\">\n\t\t\t\t\t\t\t\t\t\t\t\t\t\t<span class=\"wpr-title-icon\">\n\t\t\t\t\t<i aria-hidden=\"true\" class=\"icon icon-envelope1\"><\/i>\t\t\t\t<\/span>\n\t\t\t\t\t\t\t\t\t\t\t\t<\/div>\n\t\t\t\t\t\t\t\t\n\t\t\t\t\t\t\t\t<span class=\"wpr-acc-title-text\">Como pode pedir<\/span>\n\t\t\t\t\t\t\t<\/span>\n\t\t\t\t\t\t\t\t\t\t\t<span class=\"wpr-toggle-icon wpr-ti-close\"><svg aria-hidden=\"true\" class=\"e-font-icon-svg e-fas-plus\" viewBox=\"0 0 448 512\" xmlns=\"http:\/\/www.w3.org\/2000\/svg\"><path d=\"M416 208H272V64c0-17.67-14.33-32-32-32h-32c-17.67 0-32 14.33-32 32v144H32c-17.67 0-32 14.33-32 32v32c0 17.67 14.33 32 32 32h144v144c0 17.67 14.33 32 32 32h32c17.67 0 32-14.33 32-32V304h144c17.67 0 32-14.33 32-32v-32c0-17.67-14.33-32-32-32z\"><\/path><\/svg><\/span>\n\t\t\t\t<span class=\"wpr-toggle-icon wpr-ti-open\"><svg aria-hidden=\"true\" class=\"e-font-icon-svg e-fas-minus\" viewBox=\"0 0 448 512\" xmlns=\"http:\/\/www.w3.org\/2000\/svg\"><path d=\"M416 208H32c-17.67 0-32 14.33-32 32v32c0 17.67 14.33 32 32 32h384c17.67 0 32-14.33 32-32v-32c0-17.67-14.33-32-32-32z\"><\/path><\/svg><\/span>\n\t\t\t\t\t\t\t\t\t<\/button>\n\n\t\t\t\t\t\t<div class=\"wpr-acc-panel\">\n\t\t\t\t\t\t\t\t\t\t\t\t\t\t\t<div class=\"wpr-acc-panel-content\"><p>O pedido de um exame de parentesco pode ser enviado por\u00a0<a href=\"https:\/\/inmlcf.cv\/home\/contatos\/\">email<\/a>, pelo\u00a0<a href=\"https:\/\/inmlcf.cv\/home\/contatos\/\">correio<\/a>\u00a0ou feito presencialmente\u00a0<a href=\"https:\/\/inmlcf.cv\/home\/contatos\/\">nas instala\u00e7\u00f5es do INMLCF<\/a>.<\/p><\/div>\n\t\t\t\t\t\t\t\t\t\t\t\t\t<\/div>\n                    <\/div>\n\n                            <\/div>\n        \t\t\t\t<\/div>\n\t\t\t\t<div class=\"elementor-element elementor-element-1111bf3 elementor-widget elementor-widget-elementskit-heading\" data-id=\"1111bf3\" data-element_type=\"widget\" data-widget_type=\"elementskit-heading.default\">\n\t\t\t\t\t<div class=\"ekit-wid-con\" ><div class=\"ekit-heading elementskit-section-title-wraper center   ekit_heading_tablet-   ekit_heading_mobile-\"><h2 class=\"ekit-heading--title elementskit-section-title \">2 - Determina\u00e7\u00e3o do perfil gen\u00e9tico <\/h2><div class=\"ekit_heading_separetor_wraper ekit_heading_elementskit-border-divider elementskit-style-long\"><div class=\"elementskit-border-divider elementskit-style-long\"><\/div><\/div>\t\t\t\t<div class='ekit-heading__description'>\n\t\t\t\t\t<p>A determina\u00e7\u00e3o do perfil gen\u00e9tico, sob a responsabilidade do Instituto Nacional de Medicina Legal e Ci\u00eancias Forenses, I.P., pode ocorrer no \u00e2mbito da identifica\u00e7\u00e3o individual e como aux\u00edlio na investiga\u00e7\u00e3o criminal, nos termos da legisla\u00e7\u00e3o aplic\u00e1vel.<\/p>\n<p>A determina\u00e7\u00e3o do perfil gen\u00e9tico tem como finalidade contribuir para a identifica\u00e7\u00e3o de restos humanos e a localiza\u00e7\u00e3o de pessoas desaparecidas, atrav\u00e9s da recolha e an\u00e1lise das amostras biol\u00f3gicas, designadamente pela colheita de c\u00e9lulas da mucosa bucal (saliva), sangue e entre outros e comparando com perfis gen\u00e9ticos obtidos a partir de vest\u00edgios biol\u00f3gicos recolhidos em objetos pessoais ou mediante a compara\u00e7\u00e3o com amostras de familiares.<\/p>\n\t\t\t\t<\/div>\n\t\t\t<\/div><\/div>\t\t\t\t<\/div>\n\t\t\t\t<div class=\"elementor-element elementor-element-eba91d5 wpr-advanced-accordion-icon-side-box elementor-widget elementor-widget-wpr-advanced-accordion\" data-id=\"eba91d5\" data-element_type=\"widget\" data-settings=\"{&quot;active_item&quot;:1}\" data-widget_type=\"wpr-advanced-accordion.default\">\n\t\t\t\t\t\n            <div class=\"wpr-advanced-accordion\" data-accordion-type=\"accordion\" data-active-index=\"1\" data-accordion-trigger=\"click\" data-interaction-speed=\"0.4\">\n\n\t\t\t\n                \n\t\t\t\t\t<div class=\"wpr-accordion-item-wrap\">\n\t\t\t\t\t\t<button class=\"wpr-acc-button\">\n\t\t\t\t\t\t\t<span class=\"wpr-acc-item-title\">\n\t\t\t\t\t\t\t\t\t\t\t\t\t\t\t\t\t<div class=\"wpr-acc-icon-box\">\n\t\t\t\t\t\t\t\t\t\t\t\t\t\t<span class=\"wpr-title-icon\">\n\t\t\t\t\t<svg aria-hidden=\"true\" class=\"e-font-icon-svg e-far-question-circle\" viewBox=\"0 0 512 512\" xmlns=\"http:\/\/www.w3.org\/2000\/svg\"><path d=\"M256 8C119.043 8 8 119.083 8 256c0 136.997 111.043 248 248 248s248-111.003 248-248C504 119.083 392.957 8 256 8zm0 448c-110.532 0-200-89.431-200-200 0-110.495 89.472-200 200-200 110.491 0 200 89.471 200 200 0 110.53-89.431 200-200 200zm107.244-255.2c0 67.052-72.421 68.084-72.421 92.863V300c0 6.627-5.373 12-12 12h-45.647c-6.627 0-12-5.373-12-12v-8.659c0-35.745 27.1-50.034 47.579-61.516 17.561-9.845 28.324-16.541 28.324-29.579 0-17.246-21.999-28.693-39.784-28.693-23.189 0-33.894 10.977-48.942 29.969-4.057 5.12-11.46 6.071-16.666 2.124l-27.824-21.098c-5.107-3.872-6.251-11.066-2.644-16.363C184.846 131.491 214.94 112 261.794 112c49.071 0 101.45 38.304 101.45 88.8zM298 368c0 23.159-18.841 42-42 42s-42-18.841-42-42 18.841-42 42-42 42 18.841 42 42z\"><\/path><\/svg>\t\t\t\t<\/span>\n\t\t\t\t\t\t\t\t\t\t\t\t<\/div>\n\t\t\t\t\t\t\t\t\n\t\t\t\t\t\t\t\t<span class=\"wpr-acc-title-text\">Quem pode pedir<\/span>\n\t\t\t\t\t\t\t<\/span>\n\t\t\t\t\t\t\t\t\t\t\t<span class=\"wpr-toggle-icon wpr-ti-close\"><svg aria-hidden=\"true\" class=\"e-font-icon-svg e-fas-plus\" viewBox=\"0 0 448 512\" xmlns=\"http:\/\/www.w3.org\/2000\/svg\"><path d=\"M416 208H272V64c0-17.67-14.33-32-32-32h-32c-17.67 0-32 14.33-32 32v144H32c-17.67 0-32 14.33-32 32v32c0 17.67 14.33 32 32 32h144v144c0 17.67 14.33 32 32 32h32c17.67 0 32-14.33 32-32V304h144c17.67 0 32-14.33 32-32v-32c0-17.67-14.33-32-32-32z\"><\/path><\/svg><\/span>\n\t\t\t\t<span class=\"wpr-toggle-icon wpr-ti-open\"><svg aria-hidden=\"true\" class=\"e-font-icon-svg e-fas-minus\" viewBox=\"0 0 448 512\" xmlns=\"http:\/\/www.w3.org\/2000\/svg\"><path d=\"M416 208H32c-17.67 0-32 14.33-32 32v32c0 17.67 14.33 32 32 32h384c17.67 0 32-14.33 32-32v-32c0-17.67-14.33-32-32-32z\"><\/path><\/svg><\/span>\n\t\t\t\t\t\t\t\t\t<\/button>\n\n\t\t\t\t\t\t<div class=\"wpr-acc-panel\">\n\t\t\t\t\t\t\t\t\t\t\t\t\t\t\t<div class=\"wpr-acc-panel-content\"><ul><li>Entidades p\u00fablicas e privadas.<\/li><\/ul><\/div>\n\t\t\t\t\t\t\t\t\t\t\t\t\t<\/div>\n                    <\/div>\n\n                \n\t\t\t\t\t<div class=\"wpr-accordion-item-wrap\">\n\t\t\t\t\t\t<button class=\"wpr-acc-button\">\n\t\t\t\t\t\t\t<span class=\"wpr-acc-item-title\">\n\t\t\t\t\t\t\t\t\t\t\t\t\t\t\t\t\t<div class=\"wpr-acc-icon-box\">\n\t\t\t\t\t\t\t\t\t\t\t\t\t\t<span class=\"wpr-title-icon\">\n\t\t\t\t\t<i aria-hidden=\"true\" class=\"icon icon-envelope1\"><\/i>\t\t\t\t<\/span>\n\t\t\t\t\t\t\t\t\t\t\t\t<\/div>\n\t\t\t\t\t\t\t\t\n\t\t\t\t\t\t\t\t<span class=\"wpr-acc-title-text\">Como pode pedir<\/span>\n\t\t\t\t\t\t\t<\/span>\n\t\t\t\t\t\t\t\t\t\t\t<span class=\"wpr-toggle-icon wpr-ti-close\"><svg aria-hidden=\"true\" class=\"e-font-icon-svg e-fas-plus\" viewBox=\"0 0 448 512\" xmlns=\"http:\/\/www.w3.org\/2000\/svg\"><path d=\"M416 208H272V64c0-17.67-14.33-32-32-32h-32c-17.67 0-32 14.33-32 32v144H32c-17.67 0-32 14.33-32 32v32c0 17.67 14.33 32 32 32h144v144c0 17.67 14.33 32 32 32h32c17.67 0 32-14.33 32-32V304h144c17.67 0 32-14.33 32-32v-32c0-17.67-14.33-32-32-32z\"><\/path><\/svg><\/span>\n\t\t\t\t<span class=\"wpr-toggle-icon wpr-ti-open\"><svg aria-hidden=\"true\" class=\"e-font-icon-svg e-fas-minus\" viewBox=\"0 0 448 512\" xmlns=\"http:\/\/www.w3.org\/2000\/svg\"><path d=\"M416 208H32c-17.67 0-32 14.33-32 32v32c0 17.67 14.33 32 32 32h384c17.67 0 32-14.33 32-32v-32c0-17.67-14.33-32-32-32z\"><\/path><\/svg><\/span>\n\t\t\t\t\t\t\t\t\t<\/button>\n\n\t\t\t\t\t\t<div class=\"wpr-acc-panel\">\n\t\t\t\t\t\t\t\t\t\t\t\t\t\t\t<div class=\"wpr-acc-panel-content\"><p>A determina\u00e7\u00e3o do perfil gen\u00e9tico pode ser enviado por\u00a0<a href=\"https:\/\/inmlcf.cv\/home\/contatos\/\">email<\/a>, pelo\u00a0<a href=\"https:\/\/inmlcf.cv\/home\/contatos\/\">correio<\/a>\u00a0ou feito presencialmente\u00a0<a href=\"https:\/\/inmlcf.cv\/home\/contatos\/\">nas instala\u00e7\u00f5es do INMLCF<\/a>.<\/p><\/div>\n\t\t\t\t\t\t\t\t\t\t\t\t\t<\/div>\n                    <\/div>\n\n                            <\/div>\n        \t\t\t\t<\/div>\n\t\t\t\t<div class=\"elementor-element elementor-element-eeaf54c elementor-alert-info elementor-widget elementor-widget-alert\" data-id=\"eeaf54c\" data-element_type=\"widget\" data-widget_type=\"alert.default\">\n\t\t\t\t\t\t\t<div class=\"elementor-alert\" role=\"alert\">\n\n\t\t\t\t\t\t<span class=\"elementor-alert-title\">Aviso<\/span>\n\t\t\t\n\t\t\t\t\t\t<span class=\"elementor-alert-description\">A realiza\u00e7\u00e3o desta per\u00edcia a pedido de particulares s\u00f3 pode ser feita se o Minist\u00e9rio P\u00fablico tiver dispensado a aut\u00f3psia m\u00e9dico-legal.<\/span>\n\t\t\t\n\t\t\t\t\t\t<button type=\"button\" class=\"elementor-alert-dismiss\" aria-label=\"Dismiss this alert.\">\n\t\t\t\t<svg aria-hidden=\"true\" class=\"e-font-icon-svg e-fas-exclamation-circle\" viewBox=\"0 0 512 512\" xmlns=\"http:\/\/www.w3.org\/2000\/svg\"><path d=\"M504 256c0 136.997-111.043 248-248 248S8 392.997 8 256C8 119.083 119.043 8 256 8s248 111.083 248 248zm-248 50c-25.405 0-46 20.595-46 46s20.595 46 46 46 46-20.595 46-46-20.595-46-46-46zm-43.673-165.346l7.418 136c.347 6.364 5.609 11.346 11.982 11.346h48.546c6.373 0 11.635-4.982 11.982-11.346l7.418-136c.375-6.874-5.098-12.654-11.982-12.654h-63.383c-6.884 0-12.356 5.78-11.981 12.654z\"><\/path><\/svg>\t\t\t<\/button>\n\t\t\t\n\t\t<\/div>\n\t\t\t\t\t\t<\/div>\n\t\t\t\t\t<\/div>\n\t\t\t\t<\/div>\n\t\t\t\t<\/div>\n\t\t","protected":false},"excerpt":{"rendered":"<p>Oferecemos servi\u00e7os especializados em Medicina Legal e Ci\u00eancias Forenses. Com rigor t\u00e9cnico e imparcialidade, apoiamos a justi\u00e7a na investiga\u00e7\u00e3o de casos e na busca pela verdade, servindo o interesse p\u00fablico com compet\u00eancia e \u00e9tica. Exames de Gen\u00e9tica Forense Gen\u00e9tica e Biologia Forense O Servi\u00e7o de Gen\u00e9tica e Biologia Forenses (SGBF) \u00e9 a unidade especializada do Instituto Nacional de Medicina Legal e Ci\u00eancias Forenses, I.P. respons\u00e1vel pela an\u00e1lise gen\u00e9tica e biol\u00f3gica com fins legais e judiciais. Tem como miss\u00e3o realizar exames laboratoriais de ADN e outros estudos biol\u00f3gicos, destinados \u00e0 identifica\u00e7\u00e3o de pessoas, \u00e0 investiga\u00e7\u00e3o de v\u00ednculos biol\u00f3gicos (parentesco) e ao apoio \u00e0 investiga\u00e7\u00e3o criminal, assegurando rigor cient\u00edfico, imparcialidade e respeito pelas normas legais e \u00e9ticas. 1 &#8211; Exame de parentesco\/ paternidade ou maternidade Os exames de investiga\u00e7\u00e3o biol\u00f3gica de parentesco s\u00e3o realizados no Servi\u00e7o de Gen\u00e9tica e Biologia Forenses (SGBF) do Instituto Nacional de Medicina Legal e Ci\u00eancias Forenses, I.P.. Estes exames t\u00eam como objetivo determinar a exist\u00eancia ou n\u00e3o de v\u00ednculo biol\u00f3gico entre indiv\u00edduos. A realiza\u00e7\u00e3o dos exames baseia-se na an\u00e1lise de amostras biol\u00f3gicas, nomeadamente saliva e\/ou sangue, recolhidas de todas as pessoas consideradas necess\u00e1rias e dispon\u00edveis para o estudo, conforme indicado no formul\u00e1rio de solicita\u00e7\u00e3o do exame. Quem pode pedir Particulares: \u00a0 \u00a0 \u00a0 \u00a0&#8211; pela m\u00e3e legalmente reconhecido; \u00a0 \u00a0 \u00a0 \u00a0&#8211; pelo pai legalmente reconhecido; \u00a0 \u00a0 \u00a0 \u00a0&#8211; pelo pretenso pai; \u00a0 \u00a0 \u00a0 \u00a0&#8211; pelo filho, se for maior de idade; \u00a0 \u00a0 \u00a0 \u00a0&#8211; pelo representante legal do filho, se este for menor de idade; Entidades p\u00fablicas e privadas: Como pode pedir O pedido de um exame de parentesco pode ser enviado por\u00a0email, pelo\u00a0correio\u00a0ou feito presencialmente\u00a0nas instala\u00e7\u00f5es do INMLCF. 2 &#8211; Determina\u00e7\u00e3o do perfil gen\u00e9tico A determina\u00e7\u00e3o do perfil gen\u00e9tico, sob a responsabilidade do Instituto Nacional de Medicina Legal e Ci\u00eancias Forenses, I.P., pode ocorrer no \u00e2mbito da identifica\u00e7\u00e3o individual e como aux\u00edlio na investiga\u00e7\u00e3o criminal, nos termos da legisla\u00e7\u00e3o aplic\u00e1vel. A determina\u00e7\u00e3o do perfil gen\u00e9tico tem como finalidade contribuir para a identifica\u00e7\u00e3o de restos humanos e a localiza\u00e7\u00e3o de pessoas desaparecidas, atrav\u00e9s da recolha e an\u00e1lise das amostras biol\u00f3gicas, designadamente pela colheita de c\u00e9lulas da mucosa bucal (saliva), sangue e entre outros e comparando com perfis gen\u00e9ticos obtidos a partir de vest\u00edgios biol\u00f3gicos recolhidos em objetos pessoais ou mediante a compara\u00e7\u00e3o com amostras de familiares. Quem pode pedir Entidades p\u00fablicas e privadas. Como pode pedir A determina\u00e7\u00e3o do perfil gen\u00e9tico pode ser enviado por\u00a0email, pelo\u00a0correio\u00a0ou feito presencialmente\u00a0nas instala\u00e7\u00f5es do INMLCF. Aviso A realiza\u00e7\u00e3o desta per\u00edcia a pedido de particulares s\u00f3 pode ser feita se o Minist\u00e9rio P\u00fablico tiver dispensado a aut\u00f3psia m\u00e9dico-legal.<\/p>\n","protected":false},"author":1,"featured_media":0,"parent":0,"menu_order":0,"comment_status":"closed","ping_status":"closed","template":"elementor_header_footer","meta":{"footnotes":""},"class_list":["post-688","page","type-page","status-publish","hentry"],"_links":{"self":[{"href":"https:\/\/inmlcf.cv\/home\/wp-json\/wp\/v2\/pages\/688","targetHints":{"allow":["GET"]}}],"collection":[{"href":"https:\/\/inmlcf.cv\/home\/wp-json\/wp\/v2\/pages"}],"about":[{"href":"https:\/\/inmlcf.cv\/home\/wp-json\/wp\/v2\/types\/page"}],"author":[{"embeddable":true,"href":"https:\/\/inmlcf.cv\/home\/wp-json\/wp\/v2\/users\/1"}],"replies":[{"embeddable":true,"href":"https:\/\/inmlcf.cv\/home\/wp-json\/wp\/v2\/comments?post=688"}],"version-history":[{"count":0,"href":"https:\/\/inmlcf.cv\/home\/wp-json\/wp\/v2\/pages\/688\/revisions"}],"wp:attachment":[{"href":"https:\/\/inmlcf.cv\/home\/wp-json\/wp\/v2\/media?parent=688"}],"curies":[{"name":"wp","href":"https:\/\/api.w.org\/{rel}","templated":true}]}}