{"id":46,"date":"2025-12-17T14:00:51","date_gmt":"2025-12-17T14:00:51","guid":{"rendered":"https:\/\/inmlcf.cv\/home\/?page_id=46"},"modified":"2026-01-07T23:45:20","modified_gmt":"2026-01-07T23:45:20","slug":"noticias","status":"publish","type":"page","link":"https:\/\/inmlcf.cv\/home\/noticias\/","title":{"rendered":"Not\u00edcias"},"content":{"rendered":"\t\t<div data-elementor-type=\"wp-page\" data-elementor-id=\"46\" class=\"elementor elementor-46\">\n\t\t\t\t\t\t<section class=\"elementor-section elementor-top-section elementor-element elementor-element-572f2ee50 elementor-section-boxed elementor-section-height-default elementor-section-height-default wpr-particle-no wpr-jarallax-no wpr-parallax-no wpr-sticky-section-no\" data-id=\"572f2ee50\" data-element_type=\"section\" data-settings=\"{&quot;background_background&quot;:&quot;classic&quot;}\">\n\t\t\t\t\t\t\t<div class=\"elementor-background-overlay\"><\/div>\n\t\t\t\t\t\t\t<div class=\"elementor-container elementor-column-gap-default\">\n\t\t\t\t\t<div class=\"elementor-column elementor-col-100 elementor-top-column elementor-element elementor-element-29afd5db\" data-id=\"29afd5db\" data-element_type=\"column\">\n\t\t\t<div class=\"elementor-widget-wrap elementor-element-populated\">\n\t\t\t\t\t\t<div class=\"elementor-element elementor-element-2cf3d6f4 elementor-widget elementor-widget-heading\" data-id=\"2cf3d6f4\" data-element_type=\"widget\" data-widget_type=\"heading.default\">\n\t\t\t\t\t<h2 class=\"elementor-heading-title elementor-size-default\">NOT\u00cdCIAS<\/h2>\t\t\t\t<\/div>\n\t\t\t\t\t<\/div>\n\t\t<\/div>\n\t\t\t\t\t<\/div>\n\t\t<\/section>\n\t\t<div class=\"elementor-element elementor-element-3c58ec0 e-flex e-con-boxed wpr-particle-no wpr-jarallax-no wpr-parallax-no wpr-sticky-section-no e-con e-parent\" data-id=\"3c58ec0\" data-element_type=\"container\" data-settings=\"{&quot;background_background&quot;:&quot;classic&quot;}\">\n\t\t\t\t\t<div class=\"e-con-inner\">\n\t\t\t\t<div class=\"elementor-element elementor-element-c507e37 elementor-widget elementor-widget-elementskit-blog-posts\" data-id=\"c507e37\" data-element_type=\"widget\" data-widget_type=\"elementskit-blog-posts.default\">\n\t\t\t\t\t<div class=\"ekit-wid-con\" >        <div id=\"post-items--c507e37\" class=\"row post-items\">\n                    <div class=\"col-lg-4 col-md-6\">\n\n                                    <div class=\"elementskit-post-image-card\">\n                        <div class=\"elementskit-entry-header\">\n                                                            <a href=\"https:\/\/inmlcf.cv\/home\/2026\/01\/09\/cabo-verde-assume-presidencia-da-rsmlflp-2026\/\" class=\"elementskit-entry-thumb\">\n                                    <img decoding=\"async\" src=\"https:\/\/inmlcf.cv\/home\/wp-content\/uploads\/2026\/01\/609164509_727495877096397_4680902554328502626_n-e1767982030634-1024x636.jpg\" alt=\"CABO VERDE ASSUME PRESID\u00caNCIA DA RSMLFLP &#8211; 2026\">\n                                <\/a><!-- .elementskit-entry-thumb END -->\n                                                                                                    <div class=\"elementskit-meta-lists elementskit-style-tag\">\n                                        <div class=\"elementskit-single-meta triangle_left\"><span class=\"elementskit-meta-wraper\"><strong>09<\/strong>Jan<\/span><\/div>\n                                    <\/div>\n                                                                                            \n                            \n\t\t\t\t\t\t\t\t\t\t\t\t\t<\/div><!-- .elementskit-entry-header END -->\n\n\t\t\t\t\t\t<div class=\"elementskit-post-body \">\n\t\t\t\t\t\t\t\t\t\t\t\t\t\t\t\t\t\t\t\t<h2 class=\"entry-title\">\n\t\t\t\t\t<a href=\"https:\/\/inmlcf.cv\/home\/2026\/01\/09\/cabo-verde-assume-presidencia-da-rsmlflp-2026\/\">\n\t\t\t\t\t\tCABO VERDE ASSUME PRESID\u00caNCIA DA RSMLFLP &#8211; 2026\t\t\t\t\t<\/a>\n\t\t\t\t<\/h2>\n\t\t\t\t\t\t\t\t\t\t\t\n\t\t\t\t\t\t\t\t\t\t\t\t\t\t\t\t\t\t\t\t\t\t\t\t\t\t\t\t<div class=\"post-meta-list\">\n\t\t\t\t\t\t\t\t\t\t\t\t\t\t\t\t\t\t\t\t\t\t\t\t\t\t\t\t\t\t\t\t\t\t\t\t\t\t\t\t<span class=\"post-cat\">\n\t\t\t\t\t\t\t\t\t\t<i aria-hidden=\"true\" class=\"icon icon-folder\"><\/i>\t\t\t\t\t\t\t\t\t\t<a href=\"https:\/\/inmlcf.cv\/home\/category\/noticias\/\" rel=\"category tag\">Not\u00edcias<\/a>\t\t\t\t\t\t\t\t\t<\/span>\n\t\t\t\t\t\t\t\t\t\t\t\t\t\t\t\t\t\t\t\t\t\t\t\t\t\t\t\t\t<\/div>\n\t\t\t\t\t\t\t\t\t\t\t\t\t\n\t\t\t\t\t\t\t\t\n\t\t\t\t\t\t\t\t\t\t\t\t\t\t\t\t\t\t\t\t\t\t\t\t\t\t\t\t\t\t\t\t\t\t\t\t\t\t\t<p>O Instituto Nacional de Medicina Legal e Ci\u00eancias Forenses de Cabo Verde informa que, na sequ\u00eancia da reuni\u00e3o da Rede&hellip;<\/p>\n\t\t\t\t\t\t\t\t\t\t\t\t\t\t\t\t\t\t\t\t\t\t                                                            <div class=\"btn-wraper\">\n                                    \n                                                                            <a class=\"elementskit-btn whitespace--normal\" id=\"\" href=\"https:\/\/inmlcf.cv\/home\/2026\/01\/09\/cabo-verde-assume-presidencia-da-rsmlflp-2026\/\">\n                                        \t                                            Ler mais...                                        <\/a>\n                                                                    <\/div>\n                                                    <\/div><!-- .elementskit-post-body END -->\n                    <\/div>\n                \n            <\/div>\n                    <div class=\"col-lg-4 col-md-6\">\n\n                                    <div class=\"elementskit-post-image-card\">\n                        <div class=\"elementskit-entry-header\">\n                                                            <a href=\"https:\/\/inmlcf.cv\/home\/2024\/11\/26\/inmpcf-i-p-realiza-a-2a-edicao-do-workshop-o-novo-paradigma-da-medicina-legal-em-cabo-verde-na-universidade-do-mindelo-sao-vicente\/\" class=\"elementskit-entry-thumb\">\n                                    <img decoding=\"async\" src=\"https:\/\/inmlcf.cv\/home\/wp-content\/uploads\/2025\/12\/468746030_426485563864098_7055075190454348540_n-1024x683.jpg\" alt=\"INMPCF, I.P realiza a 2\u00aa Edi\u00e7\u00e3o do Workshop: O novo Paradigma da Medicina Legal em Cabo Verde, na Universidade do Mindelo, S\u00e3o Vicente.\">\n                                <\/a><!-- .elementskit-entry-thumb END -->\n                                                                                                    <div class=\"elementskit-meta-lists elementskit-style-tag\">\n                                        <div class=\"elementskit-single-meta triangle_left\"><span class=\"elementskit-meta-wraper\"><strong>26<\/strong>Nov<\/span><\/div>\n                                    <\/div>\n                                                                                            \n                            \n\t\t\t\t\t\t\t\t\t\t\t\t\t<\/div><!-- .elementskit-entry-header END -->\n\n\t\t\t\t\t\t<div class=\"elementskit-post-body \">\n\t\t\t\t\t\t\t\t\t\t\t\t\t\t\t\t\t\t\t\t<h2 class=\"entry-title\">\n\t\t\t\t\t<a href=\"https:\/\/inmlcf.cv\/home\/2024\/11\/26\/inmpcf-i-p-realiza-a-2a-edicao-do-workshop-o-novo-paradigma-da-medicina-legal-em-cabo-verde-na-universidade-do-mindelo-sao-vicente\/\">\n\t\t\t\t\t\tINMPCF, I.P realiza a 2\u00aa Edi\u00e7\u00e3o do Workshop: O novo Paradigma da Medicina Legal em Cabo Verde, na Universidade do Mindelo, S\u00e3o Vicente.\t\t\t\t\t<\/a>\n\t\t\t\t<\/h2>\n\t\t\t\t\t\t\t\t\t\t\t\n\t\t\t\t\t\t\t\t\t\t\t\t\t\t\t\t\t\t\t\t\t\t\t\t\t\t\t\t<div class=\"post-meta-list\">\n\t\t\t\t\t\t\t\t\t\t\t\t\t\t\t\t\t\t\t\t\t\t\t\t\t\t\t\t\t\t\t\t\t\t\t\t\t\t\t\t<span class=\"post-cat\">\n\t\t\t\t\t\t\t\t\t\t<i aria-hidden=\"true\" class=\"icon icon-folder\"><\/i>\t\t\t\t\t\t\t\t\t\t<a href=\"https:\/\/inmlcf.cv\/home\/category\/noticias\/\" rel=\"category tag\">Not\u00edcias<\/a>\t\t\t\t\t\t\t\t\t<\/span>\n\t\t\t\t\t\t\t\t\t\t\t\t\t\t\t\t\t\t\t\t\t\t\t\t\t\t\t\t\t<\/div>\n\t\t\t\t\t\t\t\t\t\t\t\t\t\n\t\t\t\t\t\t\t\t\n\t\t\t\t\t\t\t\t\t\t\t\t\t\t\t\t\t\t\t\t\t\t\t\t\t\t\t\t\t\t\t\t\t\t\t\t\t\t\t<p>No dia 26 de novembro, a&nbsp;Universidade do Mindelo&nbsp;acolheu a 2\u00aa edi\u00e7\u00e3o do Workshop &#8220;O Novo Paradigma da Medicina Legal em&hellip;<\/p>\n\t\t\t\t\t\t\t\t\t\t\t\t\t\t\t\t\t\t\t\t\t\t                                                            <div class=\"btn-wraper\">\n                                    \n                                                                            <a class=\"elementskit-btn whitespace--normal\" id=\"\" href=\"https:\/\/inmlcf.cv\/home\/2024\/11\/26\/inmpcf-i-p-realiza-a-2a-edicao-do-workshop-o-novo-paradigma-da-medicina-legal-em-cabo-verde-na-universidade-do-mindelo-sao-vicente\/\">\n                                        \t                                            Ler mais...                                        <\/a>\n                                                                    <\/div>\n                                                    <\/div><!-- .elementskit-post-body END -->\n                    <\/div>\n                \n            <\/div>\n                    <div class=\"col-lg-4 col-md-6\">\n\n                                    <div class=\"elementskit-post-image-card\">\n                        <div class=\"elementskit-entry-header\">\n                                                            <a href=\"https:\/\/inmlcf.cv\/home\/2024\/11\/26\/inmlcf-if-assina-protocolo-com-a-universidade-do-mindelo-e-delegacia-de-saude-de-sao-vicente\/\" class=\"elementskit-entry-thumb\">\n                                    <img decoding=\"async\" src=\"https:\/\/inmlcf.cv\/home\/wp-content\/uploads\/2025\/12\/468620276_426493133863341_1753568926082460452_n-1024x683.jpg\" alt=\"INMLCF, IF, assina protocolo com a Universidade do Mindelo e Delegacia de Sa\u00fade de S\u00e3o Vicente.\">\n                                <\/a><!-- .elementskit-entry-thumb END -->\n                                                                                                    <div class=\"elementskit-meta-lists elementskit-style-tag\">\n                                        <div class=\"elementskit-single-meta triangle_left\"><span class=\"elementskit-meta-wraper\"><strong>26<\/strong>Nov<\/span><\/div>\n                                    <\/div>\n                                                                                            \n                            \n\t\t\t\t\t\t\t\t\t\t\t\t\t<\/div><!-- .elementskit-entry-header END -->\n\n\t\t\t\t\t\t<div class=\"elementskit-post-body \">\n\t\t\t\t\t\t\t\t\t\t\t\t\t\t\t\t\t\t\t\t<h2 class=\"entry-title\">\n\t\t\t\t\t<a href=\"https:\/\/inmlcf.cv\/home\/2024\/11\/26\/inmlcf-if-assina-protocolo-com-a-universidade-do-mindelo-e-delegacia-de-saude-de-sao-vicente\/\">\n\t\t\t\t\t\tINMLCF, IF, assina protocolo com a Universidade do Mindelo e Delegacia de Sa\u00fade de S\u00e3o Vicente.\t\t\t\t\t<\/a>\n\t\t\t\t<\/h2>\n\t\t\t\t\t\t\t\t\t\t\t\n\t\t\t\t\t\t\t\t\t\t\t\t\t\t\t\t\t\t\t\t\t\t\t\t\t\t\t\t<div class=\"post-meta-list\">\n\t\t\t\t\t\t\t\t\t\t\t\t\t\t\t\t\t\t\t\t\t\t\t\t\t\t\t\t\t\t\t\t\t\t\t\t\t\t\t\t<span class=\"post-cat\">\n\t\t\t\t\t\t\t\t\t\t<i aria-hidden=\"true\" class=\"icon icon-folder\"><\/i>\t\t\t\t\t\t\t\t\t\t<a href=\"https:\/\/inmlcf.cv\/home\/category\/noticias\/\" rel=\"category tag\">Not\u00edcias<\/a>\t\t\t\t\t\t\t\t\t<\/span>\n\t\t\t\t\t\t\t\t\t\t\t\t\t\t\t\t\t\t\t\t\t\t\t\t\t\t\t\t\t<\/div>\n\t\t\t\t\t\t\t\t\t\t\t\t\t\n\t\t\t\t\t\t\t\t\n\t\t\t\t\t\t\t\t\t\t\t\t\t\t\t\t\t\t\t\t\t\t\t\t\t\t\t\t\t\t\t\t\t\t\t\t\t\t\t<p>No dia 26 de novembro, a&nbsp;Universidade do Mindelo&nbsp;e o Instituto Nacional de Medicina Legal e Ci\u00eancias Forenses (INMLCF) oficializaram um&hellip;<\/p>\n\t\t\t\t\t\t\t\t\t\t\t\t\t\t\t\t\t\t\t\t\t\t                                                            <div class=\"btn-wraper\">\n                                    \n                                                                            <a class=\"elementskit-btn whitespace--normal\" id=\"\" href=\"https:\/\/inmlcf.cv\/home\/2024\/11\/26\/inmlcf-if-assina-protocolo-com-a-universidade-do-mindelo-e-delegacia-de-saude-de-sao-vicente\/\">\n                                        \t                                            Ler mais...                                        <\/a>\n                                                                    <\/div>\n                                                    <\/div><!-- .elementskit-post-body END -->\n                    <\/div>\n                \n            <\/div>\n                    <div class=\"col-lg-4 col-md-6\">\n\n                                    <div class=\"elementskit-post-image-card\">\n                        <div class=\"elementskit-entry-header\">\n                                                            <a href=\"https:\/\/inmlcf.cv\/home\/2024\/11\/19\/instituto-nacional-de-saude-publica-e-instituto-nacional-de-medicina-legal-firmam-compromisso-de-parceria\/\" class=\"elementskit-entry-thumb\">\n                                    <img decoding=\"async\" src=\"https:\/\/inmlcf.cv\/home\/wp-content\/uploads\/2025\/12\/468103160_994326552731661_494727632025194590_n-1024x622.jpg\" alt=\"Instituto Nacional de Sa\u00fade P\u00fablica e Instituto Nacional de Medicina Legal firmam compromisso de parceria.\">\n                                <\/a><!-- .elementskit-entry-thumb END -->\n                                                                                                    <div class=\"elementskit-meta-lists elementskit-style-tag\">\n                                        <div class=\"elementskit-single-meta triangle_left\"><span class=\"elementskit-meta-wraper\"><strong>19<\/strong>Nov<\/span><\/div>\n                                    <\/div>\n                                                                                            \n                            \n\t\t\t\t\t\t\t\t\t\t\t\t\t<\/div><!-- .elementskit-entry-header END -->\n\n\t\t\t\t\t\t<div class=\"elementskit-post-body \">\n\t\t\t\t\t\t\t\t\t\t\t\t\t\t\t\t\t\t\t\t<h2 class=\"entry-title\">\n\t\t\t\t\t<a href=\"https:\/\/inmlcf.cv\/home\/2024\/11\/19\/instituto-nacional-de-saude-publica-e-instituto-nacional-de-medicina-legal-firmam-compromisso-de-parceria\/\">\n\t\t\t\t\t\tInstituto Nacional de Sa\u00fade P\u00fablica e Instituto Nacional de Medicina Legal firmam compromisso de parceria.\t\t\t\t\t<\/a>\n\t\t\t\t<\/h2>\n\t\t\t\t\t\t\t\t\t\t\t\n\t\t\t\t\t\t\t\t\t\t\t\t\t\t\t\t\t\t\t\t\t\t\t\t\t\t\t\t<div class=\"post-meta-list\">\n\t\t\t\t\t\t\t\t\t\t\t\t\t\t\t\t\t\t\t\t\t\t\t\t\t\t\t\t\t\t\t\t\t\t\t\t\t\t\t\t<span class=\"post-cat\">\n\t\t\t\t\t\t\t\t\t\t<i aria-hidden=\"true\" class=\"icon icon-folder\"><\/i>\t\t\t\t\t\t\t\t\t\t<a href=\"https:\/\/inmlcf.cv\/home\/category\/noticias\/\" rel=\"category tag\">Not\u00edcias<\/a>\t\t\t\t\t\t\t\t\t<\/span>\n\t\t\t\t\t\t\t\t\t\t\t\t\t\t\t\t\t\t\t\t\t\t\t\t\t\t\t\t\t<\/div>\n\t\t\t\t\t\t\t\t\t\t\t\t\t\n\t\t\t\t\t\t\t\t\n\t\t\t\t\t\t\t\t\t\t\t\t\t\t\t\t\t\t\t\t\t\t\t\t\t\t\t\t\t\t\t\t\t\t\t\t\t\t\t<p>No dia 19 de novembro, a presidente do Instituto Nacional de Sa\u00fade P\u00fablica (INSP), Dra. Maria Da Luz Lima, recebeu&hellip;<\/p>\n\t\t\t\t\t\t\t\t\t\t\t\t\t\t\t\t\t\t\t\t\t\t                                                            <div class=\"btn-wraper\">\n                                    \n                                                                            <a class=\"elementskit-btn whitespace--normal\" id=\"\" href=\"https:\/\/inmlcf.cv\/home\/2024\/11\/19\/instituto-nacional-de-saude-publica-e-instituto-nacional-de-medicina-legal-firmam-compromisso-de-parceria\/\">\n                                        \t                                            Ler mais...                                        <\/a>\n                                                                    <\/div>\n                                                    <\/div><!-- .elementskit-post-body END -->\n                    <\/div>\n                \n            <\/div>\n                <\/div>\n       <\/div>\t\t\t\t<\/div>\n\t\t\t\t\t<\/div>\n\t\t\t\t<\/div>\n\t\t\t\t<\/div>\n\t\t","protected":false},"excerpt":{"rendered":"<p>NOT\u00cdCIAS 07Jan INMPCF, I.P teste Not\u00edcias No dia 26 de novembro, a&nbsp;Universidade do Mindelo&nbsp;acolheu a 2\u00aa edi\u00e7\u00e3o do Workshop &#8220;O Novo Paradigma da Medicina Legal em&hellip; Ler mais&#8230; 26Nov INMPCF, I.P realiza a 2\u00aa Edi\u00e7\u00e3o do Workshop: O novo Paradigma da Medicina Legal em Cabo Verde, na Universidade do Mindelo, S\u00e3o Vicente. Not\u00edcias No dia 26 de novembro, a&nbsp;Universidade do Mindelo&nbsp;acolheu a 2\u00aa edi\u00e7\u00e3o do Workshop &#8220;O Novo Paradigma da Medicina Legal em&hellip; Ler mais&#8230; 26Nov INMLCF, IF, assina protocolo com a Universidade do Mindelo e Delegacia de Sa\u00fade de S\u00e3o Vicente. Not\u00edcias No dia 26 de novembro, a&nbsp;Universidade do Mindelo&nbsp;e o Instituto Nacional de Medicina Legal e Ci\u00eancias Forenses (INMLCF) oficializaram um&hellip; Ler mais&#8230; 19Nov Instituto Nacional de Sa\u00fade P\u00fablica e Instituto Nacional de Medicina Legal firmam compromisso de parceria. Not\u00edcias No dia 19 de novembro, a presidente do Instituto Nacional de Sa\u00fade P\u00fablica (INSP), Dra. Maria Da Luz Lima, recebeu&hellip; Ler mais&#8230;<\/p>\n","protected":false},"author":1,"featured_media":0,"parent":0,"menu_order":0,"comment_status":"closed","ping_status":"closed","template":"elementor_header_footer","meta":{"footnotes":""},"class_list":["post-46","page","type-page","status-publish","hentry"],"_links":{"self":[{"href":"https:\/\/inmlcf.cv\/home\/wp-json\/wp\/v2\/pages\/46","targetHints":{"allow":["GET"]}}],"collection":[{"href":"https:\/\/inmlcf.cv\/home\/wp-json\/wp\/v2\/pages"}],"about":[{"href":"https:\/\/inmlcf.cv\/home\/wp-json\/wp\/v2\/types\/page"}],"author":[{"embeddable":true,"href":"https:\/\/inmlcf.cv\/home\/wp-json\/wp\/v2\/users\/1"}],"replies":[{"embeddable":true,"href":"https:\/\/inmlcf.cv\/home\/wp-json\/wp\/v2\/comments?post=46"}],"version-history":[{"count":3,"href":"https:\/\/inmlcf.cv\/home\/wp-json\/wp\/v2\/pages\/46\/revisions"}],"predecessor-version":[{"id":959,"href":"https:\/\/inmlcf.cv\/home\/wp-json\/wp\/v2\/pages\/46\/revisions\/959"}],"wp:attachment":[{"href":"https:\/\/inmlcf.cv\/home\/wp-json\/wp\/v2\/media?parent=46"}],"curies":[{"name":"wp","href":"https:\/\/api.w.org\/{rel}","templated":true}]}}