{"id":42,"date":"2025-12-17T13:59:29","date_gmt":"2025-12-17T13:59:29","guid":{"rendered":"https:\/\/inmlcf.cv\/home\/?page_id=42"},"modified":"2026-01-08T21:11:14","modified_gmt":"2026-01-08T21:11:14","slug":"servico","status":"publish","type":"page","link":"https:\/\/inmlcf.cv\/home\/servico\/","title":{"rendered":"Servi\u00e7o"},"content":{"rendered":"\t\t<div data-elementor-type=\"wp-page\" data-elementor-id=\"42\" class=\"elementor elementor-42\">\n\t\t\t\t<div class=\"elementor-element elementor-element-fac2170 e-flex e-con-boxed wpr-particle-no wpr-jarallax-no wpr-parallax-no wpr-sticky-section-no e-con e-parent\" data-id=\"fac2170\" data-element_type=\"container\">\n\t\t\t\t\t<div class=\"e-con-inner\">\n\t\t\t\t<div class=\"elementor-element elementor-element-e643274 elementor-widget elementor-widget-text-editor\" data-id=\"e643274\" data-element_type=\"widget\" data-widget_type=\"text-editor.default\">\n\t\t\t\t\t\t\t\t\t<p>Oferecemos servi\u00e7os especializados em Medicina Legal e Ci\u00eancias Forenses. Com rigor t\u00e9cnico e imparcialidade, apoiamos a justi\u00e7a na investiga\u00e7\u00e3o de casos e na busca pela verdade, servindo o interesse p\u00fablico com compet\u00eancia e \u00e9tica.<\/p>\t\t\t\t\t\t\t\t<\/div>\n\t\t\t\t\t<\/div>\n\t\t\t\t<\/div>\n\t\t\t\t<section class=\"elementor-section elementor-top-section elementor-element elementor-element-638e22590 elementor-section-boxed elementor-section-height-default elementor-section-height-default wpr-particle-no wpr-jarallax-no wpr-parallax-no wpr-sticky-section-no\" data-id=\"638e22590\" data-element_type=\"section\" data-settings=\"{&quot;background_background&quot;:&quot;classic&quot;}\">\n\t\t\t\t\t\t\t<div class=\"elementor-background-overlay\"><\/div>\n\t\t\t\t\t\t\t<div class=\"elementor-container elementor-column-gap-default\">\n\t\t\t\t\t<div class=\"elementor-column elementor-col-100 elementor-top-column elementor-element elementor-element-6b0db241\" data-id=\"6b0db241\" data-element_type=\"column\">\n\t\t\t<div class=\"elementor-widget-wrap elementor-element-populated\">\n\t\t\t\t\t\t<div class=\"elementor-element elementor-element-7b45e1dc elementor-widget elementor-widget-heading\" data-id=\"7b45e1dc\" data-element_type=\"widget\" data-widget_type=\"heading.default\">\n\t\t\t\t\t<h2 class=\"elementor-heading-title elementor-size-default\">SERVI\u00c7OS<\/h2>\t\t\t\t<\/div>\n\t\t\t\t\t<\/div>\n\t\t<\/div>\n\t\t\t\t\t<\/div>\n\t\t<\/section>\n\t\t<div class=\"elementor-element elementor-element-240bf73d e-flex e-con-boxed wpr-particle-no wpr-jarallax-no wpr-parallax-no wpr-sticky-section-no e-con e-parent\" data-id=\"240bf73d\" data-element_type=\"container\">\n\t\t\t\t\t<div class=\"e-con-inner\">\n\t\t\t\t<div class=\"elementor-element elementor-element-14d9aaf8 elementor-widget elementor-widget-elementskit-heading\" data-id=\"14d9aaf8\" data-element_type=\"widget\" data-widget_type=\"elementskit-heading.default\">\n\t\t\t\t\t<div class=\"ekit-wid-con\" ><div class=\"ekit-heading elementskit-section-title-wraper center   ekit_heading_tablet-   ekit_heading_mobile-\"><h2 class=\"ekit-heading--title elementskit-section-title \">Nossos principais servi\u00e7os<\/h2><div class=\"ekit_heading_separetor_wraper ekit_heading_elementskit-border-divider elementskit-style-long\"><div class=\"elementskit-border-divider elementskit-style-long\"><\/div><\/div>\t\t\t\t<div class='ekit-heading__description'>\n\t\t\t\t\t<p>Oferecemos servi\u00e7os especializados em Medicina Legal e Ci\u00eancias Forenses. Com rigor t\u00e9cnico e imparcialidade, apoiamos a justi\u00e7a na investiga\u00e7\u00e3o de casos e na busca pela verdade, servindo o interesse p\u00fablico com compet\u00eancia e \u00e9tica.<\/p>\n\t\t\t\t<\/div>\n\t\t\t<\/div><\/div>\t\t\t\t<\/div>\n\t\t<div class=\"elementor-element elementor-element-6d6d57ee e-con-full e-flex wpr-particle-no wpr-jarallax-no wpr-parallax-no wpr-sticky-section-no e-con e-child\" data-id=\"6d6d57ee\" data-element_type=\"container\">\n\t\t\t\t<div class=\"elementor-element elementor-element-59ae6d79 elementor-widget__width-initial ekit-equal-height-disable elementor-widget elementor-widget-elementskit-icon-box\" data-id=\"59ae6d79\" data-element_type=\"widget\" data-widget_type=\"elementskit-icon-box.default\">\n\t\t\t\t\t<div class=\"ekit-wid-con\" >        <!-- link opening -->\n                <!-- end link opening -->\n\n        <div class=\"elementskit-infobox text-center text- icon-top-align elementor-animation-bob   \">\n                    <div class=\"elementskit-box-header elementor-animation-\">\n                <div class=\"elementskit-info-box-icon  \">\n                    <i aria-hidden=\"true\" class=\"elementkit-infobox-icon icon icon-stethoscope\"><\/i>\n                <\/div>\n          <\/div>\n                        <div class=\"box-body\">\n                            <h3 class=\"elementskit-info-box-title\">\n                    Aut\u00f3psias M\u00e9dico Legais                <\/h3>\n                        \t\t  \t<p>Determina\u00e7\u00e3o da causa e circunst\u00e2ncias da morte em casos suspeitos e\/ou violentos.<\/p>\n                                        <div class=\"box-footer disable_hover_button\">\n                    <div class=\"btn-wraper\">\n                                                            <a class=\"elementskit-btn whitespace--normal\" href=\"\/home\/autopsias-medico-legais\">\n                                        + Detalhes                                                                            <\/a>\n                                                        <\/div>\n                <\/div>\n                    <\/div>\n        \n        \n                <\/div>\n        <\/div>\t\t\t\t<\/div>\n\t\t\t\t<div class=\"elementor-element elementor-element-49c6a46c elementor-widget__width-initial ekit-equal-height-disable elementor-widget elementor-widget-elementskit-icon-box\" data-id=\"49c6a46c\" data-element_type=\"widget\" data-widget_type=\"elementskit-icon-box.default\">\n\t\t\t\t\t<div class=\"ekit-wid-con\" >        <!-- link opening -->\n                <!-- end link opening -->\n\n        <div class=\"elementskit-infobox text-center text- icon-top-align elementor-animation-bob   \">\n                    <div class=\"elementskit-box-header elementor-animation-\">\n                <div class=\"elementskit-info-box-icon  \">\n                    <i aria-hidden=\"true\" class=\"elementkit-infobox-icon icon icon-doctor\"><\/i>\n                <\/div>\n          <\/div>\n                        <div class=\"box-body\">\n                            <h3 class=\"elementskit-info-box-title\">\n                    Exames e per\u00edcias em pessoas                <\/h3>\n                        \t\t  \t<p>Avalia\u00e7\u00e3o de danos corporais ou de sa\u00fade para efeitos legais, no \u00e2mbito do direito penal, civil e de trabalho.<\/p>\n                                        <div class=\"box-footer disable_hover_button\">\n                    <div class=\"btn-wraper\">\n                                                            <a class=\"elementskit-btn whitespace--normal\" href=\"\/home\/exames-e-pericias-em-pessoas\/\">\n                                        + Detalhes                                                                            <\/a>\n                                                        <\/div>\n                <\/div>\n                    <\/div>\n        \n        \n                <\/div>\n        <\/div>\t\t\t\t<\/div>\n\t\t\t\t<div class=\"elementor-element elementor-element-46d965e1 elementor-widget__width-initial ekit-equal-height-disable elementor-widget elementor-widget-elementskit-icon-box\" data-id=\"46d965e1\" data-element_type=\"widget\" data-widget_type=\"elementskit-icon-box.default\">\n\t\t\t\t\t<div class=\"ekit-wid-con\" >        <!-- link opening -->\n                <!-- end link opening -->\n\n        <div class=\"elementskit-infobox text-center text- icon-top-align elementor-animation-bob   \">\n                    <div class=\"elementskit-box-header elementor-animation-\">\n                <div class=\"elementskit-info-box-icon  \">\n                    <i aria-hidden=\"true\" class=\"elementkit-infobox-icon icon icon-hospital-1\"><\/i>\n                <\/div>\n          <\/div>\n                        <div class=\"box-body\">\n                            <h3 class=\"elementskit-info-box-title\">\n                    Exames qu\u00edmicos e toxicol\u00f3gicos                <\/h3>\n                        \t\t  \t<p>An\u00e1lise de subst\u00e2ncias (\u00e1lcool, drogas, pesticidas\u2026) em amostras biol\u00f3gicas e n\u00e3o biol\u00f3gicas.<\/p>\n                                        <div class=\"box-footer disable_hover_button\">\n                    <div class=\"btn-wraper\">\n                                                            <a class=\"elementskit-btn whitespace--normal\" href=\"\/home\/autopsias-medico-legais-copy\/\">\n                                        + Detalhes                                                                            <\/a>\n                                                        <\/div>\n                <\/div>\n                    <\/div>\n        \n        \n                <\/div>\n        <\/div>\t\t\t\t<\/div>\n\t\t\t\t<\/div>\n\t\t<div class=\"elementor-element elementor-element-207ee63 e-con-full e-flex wpr-particle-no wpr-jarallax-no wpr-parallax-no wpr-sticky-section-no e-con e-child\" data-id=\"207ee63\" data-element_type=\"container\">\n\t\t\t\t<div class=\"elementor-element elementor-element-4f49a6e elementor-widget__width-initial ekit-equal-height-disable elementor-widget elementor-widget-elementskit-icon-box\" data-id=\"4f49a6e\" data-element_type=\"widget\" data-widget_type=\"elementskit-icon-box.default\">\n\t\t\t\t\t<div class=\"ekit-wid-con\" >        <!-- link opening -->\n                <!-- end link opening -->\n\n        <div class=\"elementskit-infobox text-center text- icon-top-align elementor-animation-bob   \">\n                    <div class=\"elementskit-box-header elementor-animation-\">\n                <div class=\"elementskit-info-box-icon  \">\n                    <i aria-hidden=\"true\" class=\"elementkit-infobox-icon icon icon-clipboard\"><\/i>\n                <\/div>\n          <\/div>\n                        <div class=\"box-body\">\n                            <h3 class=\"elementskit-info-box-title\">\n                    Exames de Gen\u00e9tica Forense                <\/h3>\n                        \t\t  \t<p>Investiga\u00e7\u00e3o biol\u00f3gica de parentesco, de identifica\u00e7\u00e3o individual, de criminal\u00edstica biol\u00f3gica ou outros.<\/p>\n                                        <div class=\"box-footer disable_hover_button\">\n                    <div class=\"btn-wraper\">\n                                                            <a class=\"elementskit-btn whitespace--normal\" href=\"\/home\/exames-de-genetica-forense\/\">\n                                        + Detalhes                                                                            <\/a>\n                                                        <\/div>\n                <\/div>\n                    <\/div>\n        \n        \n                <\/div>\n        <\/div>\t\t\t\t<\/div>\n\t\t\t\t<div class=\"elementor-element elementor-element-29cc448 elementor-widget__width-initial ekit-equal-height-disable elementor-widget elementor-widget-elementskit-icon-box\" data-id=\"29cc448\" data-element_type=\"widget\" data-widget_type=\"elementskit-icon-box.default\">\n\t\t\t\t\t<div class=\"ekit-wid-con\" >        <!-- link opening -->\n                <!-- end link opening -->\n\n        <div class=\"elementskit-infobox text-center text- icon-top-align elementor-animation-bob   \">\n                    <div class=\"elementskit-box-header elementor-animation-\">\n                <div class=\"elementskit-info-box-icon  \">\n                    <i aria-hidden=\"true\" class=\"elementkit-infobox-icon icon icon-brain\"><\/i>\n                <\/div>\n          <\/div>\n                        <div class=\"box-body\">\n                            <h3 class=\"elementskit-info-box-title\">\n                    Exames de Psicologia Cl\u00ednica e Forense                <\/h3>\n                        \t\t  \t<p>Descri\u00e7\u00e3o, avalia\u00e7\u00e3o e acompanhamento psicol\u00f3gico de agressores, v\u00edtimas e outras pessoas, com vista ao apoio \u00e0 investiga\u00e7\u00e3o criminal ou \u00e0 repara\u00e7\u00e3o de danos ps\u00edquicos.<\/p>\n                                        <div class=\"box-footer disable_hover_button\">\n                    <div class=\"btn-wraper\">\n                                                            <a class=\"elementskit-btn whitespace--normal\" href=\"\/home\/exames-de-psicologia-clinica-e-forense\/\">\n                                        + Detalhes                                                                            <\/a>\n                                                        <\/div>\n                <\/div>\n                    <\/div>\n        \n        \n                <\/div>\n        <\/div>\t\t\t\t<\/div>\n\t\t\t\t<div class=\"elementor-element elementor-element-4d738e5 elementor-widget__width-initial ekit-equal-height-disable elementor-widget elementor-widget-elementskit-icon-box\" data-id=\"4d738e5\" data-element_type=\"widget\" data-widget_type=\"elementskit-icon-box.default\">\n\t\t\t\t\t<div class=\"ekit-wid-con\" >        <!-- link opening -->\n                <!-- end link opening -->\n\n        <div class=\"elementskit-infobox text- text- icon-lef-right-aligin elementor-animation-bob   \">\n                        <div class=\"box-body\">\n                                                    <div class=\"box-footer disable_hover_button\">\n                    <div class=\"btn-wraper\">\n                                                            <a >\n                                                                                                                    <\/a>\n                                                        <\/div>\n                <\/div>\n                    <\/div>\n        \n        \n                <\/div>\n        <\/div>\t\t\t\t<\/div>\n\t\t\t\t<\/div>\n\t\t\t\t\t<\/div>\n\t\t\t\t<\/div>\n\t\t\t\t<\/div>\n\t\t","protected":false},"excerpt":{"rendered":"<p>Oferecemos servi\u00e7os especializados em Medicina Legal e Ci\u00eancias Forenses. Com rigor t\u00e9cnico e imparcialidade, apoiamos a justi\u00e7a na investiga\u00e7\u00e3o de casos e na busca pela verdade, servindo o interesse p\u00fablico com compet\u00eancia e \u00e9tica. SERVI\u00c7OS Nossos principais servi\u00e7os Oferecemos servi\u00e7os especializados em Medicina Legal e Ci\u00eancias Forenses. Com rigor t\u00e9cnico e imparcialidade, apoiamos a justi\u00e7a na investiga\u00e7\u00e3o de casos e na busca pela verdade, servindo o interesse p\u00fablico com compet\u00eancia e \u00e9tica. Aut\u00f3psias M\u00e9dico Legais Determina\u00e7\u00e3o da causa e circunst\u00e2ncias da morte em casos suspeitos e\/ou violentos. + Detalhes Exames e per\u00edcias em pessoas Avalia\u00e7\u00e3o de danos corporais ou de sa\u00fade para efeitos legais, no \u00e2mbito do direito penal, civil e de trabalho. + Detalhes Exames qu\u00edmicos e toxicol\u00f3gicos An\u00e1lise de subst\u00e2ncias (\u00e1lcool, drogas, pesticidas\u2026) em amostras biol\u00f3gicas e n\u00e3o biol\u00f3gicas. + Detalhes Exames de Gen\u00e9tica Forense Investiga\u00e7\u00e3o biol\u00f3gica de parentesco, de identifica\u00e7\u00e3o individual, de criminal\u00edstica biol\u00f3gica ou outros. + Detalhes Exames de Psicologia Cl\u00ednica e Forense Descri\u00e7\u00e3o, avalia\u00e7\u00e3o e acompanhamento psicol\u00f3gico de agressores, v\u00edtimas e outras pessoas, com vista ao apoio \u00e0 investiga\u00e7\u00e3o criminal ou \u00e0 repara\u00e7\u00e3o de danos ps\u00edquicos. + Detalhes<\/p>\n","protected":false},"author":1,"featured_media":0,"parent":0,"menu_order":0,"comment_status":"closed","ping_status":"closed","template":"elementor_header_footer","meta":{"footnotes":""},"class_list":["post-42","page","type-page","status-publish","hentry"],"_links":{"self":[{"href":"https:\/\/inmlcf.cv\/home\/wp-json\/wp\/v2\/pages\/42","targetHints":{"allow":["GET"]}}],"collection":[{"href":"https:\/\/inmlcf.cv\/home\/wp-json\/wp\/v2\/pages"}],"about":[{"href":"https:\/\/inmlcf.cv\/home\/wp-json\/wp\/v2\/types\/page"}],"author":[{"embeddable":true,"href":"https:\/\/inmlcf.cv\/home\/wp-json\/wp\/v2\/users\/1"}],"replies":[{"embeddable":true,"href":"https:\/\/inmlcf.cv\/home\/wp-json\/wp\/v2\/comments?post=42"}],"version-history":[{"count":12,"href":"https:\/\/inmlcf.cv\/home\/wp-json\/wp\/v2\/pages\/42\/revisions"}],"predecessor-version":[{"id":994,"href":"https:\/\/inmlcf.cv\/home\/wp-json\/wp\/v2\/pages\/42\/revisions\/994"}],"wp:attachment":[{"href":"https:\/\/inmlcf.cv\/home\/wp-json\/wp\/v2\/media?parent=42"}],"curies":[{"name":"wp","href":"https:\/\/api.w.org\/{rel}","templated":true}]}}